{"id":89,"date":"2022-01-27T13:56:27","date_gmt":"2022-01-27T12:56:27","guid":{"rendered":"https:\/\/growec.se\/?page_id=89"},"modified":"2026-03-24T01:34:19","modified_gmt":"2026-03-24T00:34:19","slug":"intresseanm","status":"publish","type":"page","link":"https:\/\/growec.se\/da\/intresseanm\/","title":{"rendered":"Intresseanm\u00e4lan Uthyrningslokaler"},"content":{"rendered":"<p>[et_pb_section fb_built=&#8221;1&#8243; custom_padding_last_edited=&#8221;on|phone&#8221; admin_label=&#8221;Header&#8221; _builder_version=&#8221;4.16&#8243; background_color=&#8221;#000000&#8243; use_background_color_gradient=&#8221;on&#8221; background_color_gradient_type=&#8221;circular&#8221; background_color_gradient_stops=&#8221;rgba(0,0,0,0.45) 63%|#000000 76%&#8221; background_color_gradient_overlays_image=&#8221;on&#8221; background_color_gradient_start=&#8221;rgba(0,0,0,0.45)&#8221; background_color_gradient_start_position=&#8221;63%&#8221; background_color_gradient_end=&#8221;#000000&#8243; background_color_gradient_end_position=&#8221;76%&#8221; background_image=&#8221;https:\/\/growec.se\/wp-content\/uploads\/2022\/03\/anmalintresse-hero-1920&#215;563-1.png&#8221; background_size=&#8221;contain&#8221; custom_padding=&#8221;110px||110px||true|false&#8221; custom_padding_tablet=&#8221;87px|0px|21px|0px|false|false&#8221; custom_padding_phone=&#8221;0px|0px|0px|0px|true|true&#8221; collapsed=&#8221;off&#8221; global_colors_info=&#8221;{}&#8221;][et_pb_row admin_label=&#8221;ANM\u00c4L INTRESSE hero-box&#8221; _builder_version=&#8221;4.16&#8243; background_size=&#8221;initial&#8221; background_position=&#8221;top_left&#8221; background_repeat=&#8221;repeat&#8221; max_width=&#8221;1280px&#8221; use_custom_width=&#8221;on&#8221; custom_width_px=&#8221;1280px&#8221; global_colors_info=&#8221;{}&#8221;][et_pb_column type=&#8221;4_4&#8243; _builder_version=&#8221;4.16&#8243; custom_padding=&#8221;|||&#8221; global_colors_info=&#8221;{}&#8221; custom_padding__hover=&#8221;|||&#8221;][et_pb_text admin_label=&#8221;Text&#8221; _builder_version=&#8221;4.27.6&#8243; text_font=&#8221;||||||||&#8221; text_text_color=&#8221;#FFFFFF&#8221; text_font_size=&#8221;18px&#8221; text_line_height=&#8221;2em&#8221; header_font=&#8221;EB Garamond||||||||&#8221; header_text_color=&#8221;#FFFFFF&#8221; header_font_size=&#8221;60px&#8221; header_line_height=&#8221;1.3em&#8221; background_color=&#8221;rgba(0,0,0,0.57)&#8221; text_orientation=&#8221;center&#8221; max_width=&#8221;600px&#8221; module_alignment=&#8221;center&#8221; custom_margin=&#8221;||||true|true&#8221; custom_margin_tablet=&#8221;||||true|true&#8221; custom_margin_phone=&#8221;23px||||false|true&#8221; custom_margin_last_edited=&#8221;on|phone&#8221; custom_padding=&#8221;31px|31px|31px|31px|true|true&#8221; text_font_size_tablet=&#8221;&#8221; text_font_size_phone=&#8221;15px&#8221; text_font_size_last_edited=&#8221;on|phone&#8221; text_line_height_tablet=&#8221;&#8221; text_line_height_phone=&#8221;1.6em&#8221; text_line_height_last_edited=&#8221;on|phone&#8221; header_font_size_tablet=&#8221;50px&#8221; header_font_size_phone=&#8221;32px&#8221; header_font_size_last_edited=&#8221;on|phone&#8221; border_radii=&#8221;on|12px|12px|12px|12px&#8221; global_colors_info=&#8221;{}&#8221;]<\/p>\n<h1>Registrera f\u00f6retag<\/h1>\n<p>Registrera er nedan f\u00f6r att f\u00e5 tillg\u00e5ng till lokalernas bokningskalender.<\/p>\n<p>&nbsp;<\/p>\n<p>[\/et_pb_text][\/et_pb_column][\/et_pb_row][\/et_pb_section][et_pb_section fb_built=&#8221;1&#8243; admin_label=&#8221;INTRESSEANM\u00c4LAN&#8221; _builder_version=&#8221;4.16&#8243; custom_padding=&#8221;45px|0px|65px|0px|false|false&#8221; collapsed=&#8221;off&#8221; global_colors_info=&#8221;{}&#8221;][et_pb_row use_custom_gutter=&#8221;on&#8221; gutter_width=&#8221;2&#8243; _builder_version=&#8221;4.16&#8243; width_tablet=&#8221;98%&#8221; width_phone=&#8221;96%&#8221; width_last_edited=&#8221;on|phone&#8221; max_width=&#8221;1280px&#8221; module_alignment=&#8221;center&#8221; custom_margin=&#8221;0px||||false|false&#8221; custom_margin_tablet=&#8221;0px||||false|false&#8221; custom_margin_phone=&#8221;|0px||0px|false|true&#8221; custom_margin_last_edited=&#8221;on|phone&#8221; custom_padding=&#8221;60px|16px|101px|16px|false|true&#8221; border_radii=&#8221;on|12px|12px|12px|12px&#8221; border_width_all=&#8221;1px&#8221; border_color_all=&#8221;rgba(0,0,0,0.09)&#8221; box_shadow_style=&#8221;preset2&#8243; box_shadow_blur=&#8221;32px&#8221; box_shadow_spread=&#8221;-15px&#8221; use_custom_width=&#8221;on&#8221; custom_width_px=&#8221;1280px&#8221; global_colors_info=&#8221;{}&#8221;][et_pb_column type=&#8221;4_4&#8243; _builder_version=&#8221;4.16&#8243; custom_padding=&#8221;|||&#8221; global_colors_info=&#8221;{}&#8221; custom_padding__hover=&#8221;|||&#8221;][et_pb_text admin_label=&#8221;Intresseanm\u00e4lan f\u00f6rtext&#8221; _builder_version=&#8221;4.27.6&#8243; _module_preset=&#8221;default&#8221; text_font=&#8221;Lato||||||||&#8221; text_font_size=&#8221;19px&#8221; text_line_height=&#8221;1.8em&#8221; header_2_font_size=&#8221;30px&#8221; header_2_line_height=&#8221;3.1em&#8221; text_orientation=&#8221;center&#8221; width_tablet=&#8221;100%&#8221; width_last_edited=&#8221;off|tablet&#8221; custom_margin=&#8221;2px||8px||false|false&#8221; custom_margin_tablet=&#8221;0px||50px||false|false&#8221; custom_margin_phone=&#8221;0px||21px||false|false&#8221; custom_margin_last_edited=&#8221;on|phone&#8221; custom_padding=&#8221;|16px||16px|false|true&#8221; global_colors_info=&#8221;{}&#8221;]<\/p>\n<h2 style=\"text-align: left;\">Boka visning \/ registera f\u00f6retag.<\/h2>\n<p style=\"text-align: left;\"><strong>Fyll i f\u00f6retagsinformation, kontaktuppgifter och vad ni funderar p\u00e5 r\u00f6rande avtalsform&#8230;<\/strong><\/p>\n<p style=\"text-align: left;\">&#8230;detta \u00e4r ej bindande och vi kommer att bekr\u00e4fta med er r\u00f6rande det ni fyller i n\u00e4r det g\u00e4ller avtalsform\/intresserade av antal dagar eller veckor, eller f\u00f6r en b\u00e4ttre prisbild, avtal \u00f6ver l\u00e4ngre tid. Fyll i nedan och s\u00e4nd s\u00e5 \u00e5terkommer vi inom kort!<\/p>\n<p>&nbsp;<\/p>\n<p>[\/et_pb_text][dvppl_cf7_styler form_padding=&#8221;4px|12px|4px|12px|true|true&#8221; use_form_button_fullwidth=&#8221;on&#8221; cf7=&#8221;88&#8243; form_background_color=&#8221;rgba(234,234,234,0)&#8221; form_field_active_color=&#8221;RGBA(255,255,255,0)&#8221; form_label_spacing=&#8221;2px&#8221; cr_custom_styles=&#8221;on&#8221; cr_background_color=&#8221;#FFFFFF&#8221; cr_selected_color=&#8221;#348227&#8243; cr_label_color=&#8221;#000000&#8243; cf7_message_alignment=&#8221;center&#8221; cf7_message_color=&#8221;#000000&#8243; cf7_message_bg_color=&#8221;#FFFFFF&#8221; cf7_border_highlight_color=&#8221;#348227&#8243; cf7_success_message_color=&#8221;#348227&#8243; cf7_success_message_bg_color=&#8221;#FFFFFF&#8221; cf7_success_border_color=&#8221;#348227&#8243; cf7_error_message_color=&#8221;#E02B20&#8243; cf7_error_message_bg_color=&#8221;#FFFFFF&#8221; cf7_error_border_color=&#8221;#E02B20&#8243; _builder_version=&#8221;4.27.6&#8243; _module_preset=&#8221;default&#8221; form_field_font_font=&#8221;&#8211;et_global_body_font||||||||&#8221; form_field_font_text_color=&#8221;#000000&#8243; form_field_font_font_size=&#8221;14px&#8221; labels_font=&#8221;&#8211;et_global_body_font|700|||||||&#8221; labels_text_align=&#8221;left&#8221; labels_font_size=&#8221;15px&#8221; placeholder_font=&#8221;&#8211;et_global_body_font||||||||&#8221; placeholder_text_color=&#8221;#878787&#8243; custom_submit_button=&#8221;on&#8221; submit_button_bg_color=&#8221;#FCAB13&#8243; submit_button_border_width=&#8221;1px&#8221; submit_button_border_color=&#8221;#348227&#8243; submit_button_font=&#8221;&#8211;et_global_body_font|700||on|||||&#8221; submit_button_custom_margin=&#8221;33px|0px|0px|0px|false|true&#8221; submit_button_custom_padding=&#8221;11px|30px|11px|30px|true|true&#8221; text_orientation=&#8221;left&#8221; module_alignment=&#8221;left&#8221; hover_enabled=&#8221;0&#8243; border_radii_field=&#8221;on|6px|6px|6px|6px&#8221; border_width_all_field=&#8221;1px&#8221; border_color_all_field=&#8221;#e8e8e8&#8243; submit_button_text_shadow_style=&#8221;preset3&#8243; submit_button_text_shadow_vertical_length=&#8221;0.07em&#8221; global_colors_info=&#8221;{}&#8221; form_field_height=&#8221;0px&#8221; form_field_padding=&#8221;15px|15px|15px|15px|true|true&#8221; cr_size=&#8221;22px&#8221; sticky_enabled=&#8221;0&#8243; cf7_message_padding=&#8221;5px&#8221; cf7_message_margin_top=&#8221;5px&#8221; admin_label=&#8221;Kontaktform-med-CF7-styler&#8221; background_enable_color=&#8221;off&#8221; labels_line_height=&#8221;1.7em&#8221; form_field_font_text_align=&#8221;left&#8221; placeholder_text_align=&#8221;left&#8221;][\/dvppl_cf7_styler][\/et_pb_column][\/et_pb_row][\/et_pb_section][et_pb_section fb_built=&#8221;1&#8243; admin_label=&#8221;COOKIE REVOKE&#8221; _builder_version=&#8221;4.15.1&#8243; _module_preset=&#8221;default&#8221; background_color=&#8221;rgba(0,0,0,0.93)&#8221; custom_margin=&#8221;0px|0px|0px|0px|false|false&#8221; custom_padding=&#8221;0px|0px|0px|0px|false|false&#8221; global_module=&#8221;235499&#8243; collapsed=&#8221;on&#8221; global_colors_info=&#8221;{}&#8221;][et_pb_row use_custom_gutter=&#8221;on&#8221; _builder_version=&#8221;4.16&#8243; _module_preset=&#8221;default&#8221; width=&#8221;100%&#8221; module_alignment=&#8221;center&#8221; custom_margin=&#8221;0px|0px|0px|0px|false|false&#8221; custom_padding=&#8221;0px|0px|0px|0px|false|false&#8221; global_colors_info=&#8221;{}&#8221;][et_pb_column type=&#8221;4_4&#8243; _builder_version=&#8221;4.16&#8243; _module_preset=&#8221;default&#8221; custom_padding=&#8221;0px|0px|0px|0px|false|false&#8221; global_colors_info=&#8221;{}&#8221;][et_pb_text _builder_version=&#8221;4.17.6&#8243; _module_preset=&#8221;default&#8221; text_text_color=&#8221;rgba(255,255,255,0.8)&#8221; text_font_size=&#8221;10px&#8221; text_orientation=&#8221;center&#8221; custom_padding=&#8221;3px||3px||true|false&#8221; global_colors_info=&#8221;{}&#8221;][\/et_pb_text][\/et_pb_column][\/et_pb_row][\/et_pb_section]<\/p>\n","protected":false},"excerpt":{"rendered":"<p>Registrera f\u00f6retag Registrera er nedan f\u00f6r att f\u00e5 tillg\u00e5ng till lokalernas bokningskalender. &nbsp;Boka visning \/ registera f\u00f6retag. Fyll i f\u00f6retagsinformation, kontaktuppgifter och vad ni funderar p\u00e5 r\u00f6rande avtalsform&#8230; &#8230;detta \u00e4r ej bindande och vi kommer att bekr\u00e4fta med er r\u00f6rande det ni fyller i n\u00e4r det g\u00e4ller avtalsform\/intresserade av antal dagar eller veckor, eller f\u00f6r [&hellip;]<\/p>\n","protected":false},"author":4,"featured_media":0,"parent":0,"menu_order":0,"comment_status":"closed","ping_status":"closed","template":"","meta":{"_et_pb_use_builder":"on","_et_pb_old_content":"","_et_gb_content_width":"","footnotes":""},"class_list":["post-89","page","type-page","status-publish","hentry"],"yoast_head":"<!-- This site is optimized with the Yoast SEO plugin v27.4 - https:\/\/yoast.com\/product\/yoast-seo-wordpress\/ -->\n<title>Intresseanm\u00e4lan Uthyrningslokaler - growec.se<\/title>\n<meta name=\"robots\" content=\"index, follow, max-snippet:-1, max-image-preview:large, max-video-preview:-1\" \/>\n<link rel=\"canonical\" href=\"https:\/\/growec.se\/da\/intresseanm\/\" \/>\n<meta property=\"og:locale\" content=\"da_DK\" \/>\n<meta property=\"og:type\" content=\"article\" \/>\n<meta property=\"og:title\" content=\"Intresseanm\u00e4lan Uthyrningslokaler - growec.se\" \/>\n<meta property=\"og:description\" content=\"Registrera f\u00f6retag Registrera er nedan f\u00f6r att f\u00e5 tillg\u00e5ng till lokalernas bokningskalender. &nbsp;Boka visning \/ registera f\u00f6retag. Fyll i f\u00f6retagsinformation, kontaktuppgifter och vad ni funderar p\u00e5 r\u00f6rande avtalsform... ...detta \u00e4r ej bindande och vi kommer att bekr\u00e4fta med er r\u00f6rande det ni fyller i n\u00e4r det g\u00e4ller avtalsform\/intresserade av antal dagar eller veckor, eller f\u00f6r [&hellip;]\" \/>\n<meta property=\"og:url\" content=\"https:\/\/growec.se\/da\/intresseanm\/\" \/>\n<meta property=\"og:site_name\" content=\"growec.se\" \/>\n<meta property=\"article:modified_time\" content=\"2026-03-24T00:34:19+00:00\" \/>\n<meta name=\"twitter:card\" content=\"summary_large_image\" \/>\n<meta name=\"twitter:label1\" content=\"Estimeret l\u00e6setid\" \/>\n\t<meta name=\"twitter:data1\" content=\"5 minutter\" \/>\n<script type=\"application\/ld+json\" class=\"yoast-schema-graph\">{\"@context\":\"https:\\\/\\\/schema.org\",\"@graph\":[{\"@type\":\"WebPage\",\"@id\":\"https:\\\/\\\/growec.se\\\/intresseanm\\\/\",\"url\":\"https:\\\/\\\/growec.se\\\/intresseanm\\\/\",\"name\":\"Intresseanm\u00e4lan Uthyrningslokaler - growec.se\",\"isPartOf\":{\"@id\":\"https:\\\/\\\/growec.se\\\/#website\"},\"datePublished\":\"2022-01-27T12:56:27+00:00\",\"dateModified\":\"2026-03-24T00:34:19+00:00\",\"breadcrumb\":{\"@id\":\"https:\\\/\\\/growec.se\\\/intresseanm\\\/#breadcrumb\"},\"inLanguage\":\"da-DK\",\"potentialAction\":[{\"@type\":\"ReadAction\",\"target\":[\"https:\\\/\\\/growec.se\\\/intresseanm\\\/\"]}]},{\"@type\":\"BreadcrumbList\",\"@id\":\"https:\\\/\\\/growec.se\\\/intresseanm\\\/#breadcrumb\",\"itemListElement\":[{\"@type\":\"ListItem\",\"position\":1,\"name\":\"Hem\",\"item\":\"https:\\\/\\\/growec.se\\\/\"},{\"@type\":\"ListItem\",\"position\":2,\"name\":\"Intresseanm\u00e4lan Uthyrningslokaler\"}]},{\"@type\":\"WebSite\",\"@id\":\"https:\\\/\\\/growec.se\\\/#website\",\"url\":\"https:\\\/\\\/growec.se\\\/\",\"name\":\"growec.se\",\"description\":\"Sj\u00e4lvledarskap\",\"publisher\":{\"@id\":\"https:\\\/\\\/growec.se\\\/#organization\"},\"potentialAction\":[{\"@type\":\"SearchAction\",\"target\":{\"@type\":\"EntryPoint\",\"urlTemplate\":\"https:\\\/\\\/growec.se\\\/?s={search_term_string}\"},\"query-input\":{\"@type\":\"PropertyValueSpecification\",\"valueRequired\":true,\"valueName\":\"search_term_string\"}}],\"inLanguage\":\"da-DK\"},{\"@type\":\"Organization\",\"@id\":\"https:\\\/\\\/growec.se\\\/#organization\",\"name\":\"Grow EC\",\"url\":\"https:\\\/\\\/growec.se\\\/\",\"logo\":{\"@type\":\"ImageObject\",\"inLanguage\":\"da-DK\",\"@id\":\"https:\\\/\\\/growec.se\\\/#\\\/schema\\\/logo\\\/image\\\/\",\"url\":\"https:\\\/\\\/growec.se\\\/wp-content\\\/uploads\\\/2022\\\/04\\\/grow-ec-final-webb-350x75-1.png\",\"contentUrl\":\"https:\\\/\\\/growec.se\\\/wp-content\\\/uploads\\\/2022\\\/04\\\/grow-ec-final-webb-350x75-1.png\",\"width\":350,\"height\":75,\"caption\":\"Grow EC\"},\"image\":{\"@id\":\"https:\\\/\\\/growec.se\\\/#\\\/schema\\\/logo\\\/image\\\/\"}}]}<\/script>\n<!-- \/ Yoast SEO plugin. -->","yoast_head_json":{"title":"Intresseanm\u00e4lan Uthyrningslokaler - growec.se","robots":{"index":"index","follow":"follow","max-snippet":"max-snippet:-1","max-image-preview":"max-image-preview:large","max-video-preview":"max-video-preview:-1"},"canonical":"https:\/\/growec.se\/da\/intresseanm\/","og_locale":"da_DK","og_type":"article","og_title":"Intresseanm\u00e4lan Uthyrningslokaler - growec.se","og_description":"Registrera f\u00f6retag Registrera er nedan f\u00f6r att f\u00e5 tillg\u00e5ng till lokalernas bokningskalender. &nbsp;Boka visning \/ registera f\u00f6retag. Fyll i f\u00f6retagsinformation, kontaktuppgifter och vad ni funderar p\u00e5 r\u00f6rande avtalsform... ...detta \u00e4r ej bindande och vi kommer att bekr\u00e4fta med er r\u00f6rande det ni fyller i n\u00e4r det g\u00e4ller avtalsform\/intresserade av antal dagar eller veckor, eller f\u00f6r [&hellip;]","og_url":"https:\/\/growec.se\/da\/intresseanm\/","og_site_name":"growec.se","article_modified_time":"2026-03-24T00:34:19+00:00","twitter_card":"summary_large_image","twitter_misc":{"Estimeret l\u00e6setid":"5 minutter"},"schema":{"@context":"https:\/\/schema.org","@graph":[{"@type":"WebPage","@id":"https:\/\/growec.se\/intresseanm\/","url":"https:\/\/growec.se\/intresseanm\/","name":"Intresseanm\u00e4lan Uthyrningslokaler - growec.se","isPartOf":{"@id":"https:\/\/growec.se\/#website"},"datePublished":"2022-01-27T12:56:27+00:00","dateModified":"2026-03-24T00:34:19+00:00","breadcrumb":{"@id":"https:\/\/growec.se\/intresseanm\/#breadcrumb"},"inLanguage":"da-DK","potentialAction":[{"@type":"ReadAction","target":["https:\/\/growec.se\/intresseanm\/"]}]},{"@type":"BreadcrumbList","@id":"https:\/\/growec.se\/intresseanm\/#breadcrumb","itemListElement":[{"@type":"ListItem","position":1,"name":"Hem","item":"https:\/\/growec.se\/"},{"@type":"ListItem","position":2,"name":"Intresseanm\u00e4lan Uthyrningslokaler"}]},{"@type":"WebSite","@id":"https:\/\/growec.se\/#website","url":"https:\/\/growec.se\/","name":"growec.se","description":"Sj\u00e4lvledarskap","publisher":{"@id":"https:\/\/growec.se\/#organization"},"potentialAction":[{"@type":"SearchAction","target":{"@type":"EntryPoint","urlTemplate":"https:\/\/growec.se\/?s={search_term_string}"},"query-input":{"@type":"PropertyValueSpecification","valueRequired":true,"valueName":"search_term_string"}}],"inLanguage":"da-DK"},{"@type":"Organization","@id":"https:\/\/growec.se\/#organization","name":"Grow EC","url":"https:\/\/growec.se\/","logo":{"@type":"ImageObject","inLanguage":"da-DK","@id":"https:\/\/growec.se\/#\/schema\/logo\/image\/","url":"https:\/\/growec.se\/wp-content\/uploads\/2022\/04\/grow-ec-final-webb-350x75-1.png","contentUrl":"https:\/\/growec.se\/wp-content\/uploads\/2022\/04\/grow-ec-final-webb-350x75-1.png","width":350,"height":75,"caption":"Grow EC"},"image":{"@id":"https:\/\/growec.se\/#\/schema\/logo\/image\/"}}]}},"_links":{"self":[{"href":"https:\/\/growec.se\/da\/wp-json\/wp\/v2\/pages\/89","targetHints":{"allow":["GET"]}}],"collection":[{"href":"https:\/\/growec.se\/da\/wp-json\/wp\/v2\/pages"}],"about":[{"href":"https:\/\/growec.se\/da\/wp-json\/wp\/v2\/types\/page"}],"author":[{"embeddable":true,"href":"https:\/\/growec.se\/da\/wp-json\/wp\/v2\/users\/4"}],"replies":[{"embeddable":true,"href":"https:\/\/growec.se\/da\/wp-json\/wp\/v2\/comments?post=89"}],"version-history":[{"count":73,"href":"https:\/\/growec.se\/da\/wp-json\/wp\/v2\/pages\/89\/revisions"}],"predecessor-version":[{"id":235815,"href":"https:\/\/growec.se\/da\/wp-json\/wp\/v2\/pages\/89\/revisions\/235815"}],"wp:attachment":[{"href":"https:\/\/growec.se\/da\/wp-json\/wp\/v2\/media?parent=89"}],"curies":[{"name":"wp","href":"https:\/\/api.w.org\/{rel}","templated":true}]}}