{"id":3,"date":"2021-11-23T12:47:01","date_gmt":"2021-11-23T12:47:01","guid":{"rendered":"https:\/\/growec.se\/?page_id=3"},"modified":"2026-04-12T21:38:58","modified_gmt":"2026-04-12T19:38:58","slug":"privacy-policy","status":"publish","type":"page","link":"https:\/\/growec.se\/da\/privacy-policy\/","title":{"rendered":"Integritetspolicy"},"content":{"rendered":"<p>[et_pb_section fb_built=&#8221;1&#8243; _builder_version=&#8221;4.16&#8243; global_colors_info=&#8221;{}&#8221;][et_pb_row _builder_version=&#8221;4.27.6&#8243; background_color=&#8221;#f9f9f9&#8243; background_size=&#8221;initial&#8221; background_position=&#8221;top_left&#8221; background_repeat=&#8221;repeat&#8221; width=&#8221;89%&#8221; module_alignment=&#8221;center&#8221; custom_margin=&#8221;0px|0px|0px|0px|true|true&#8221; custom_padding=&#8221;0px|0px|0px|0px|true|true&#8221; global_colors_info=&#8221;{}&#8221;][et_pb_column type=&#8221;4_4&#8243; _builder_version=&#8221;4.27.6&#8243; custom_padding=&#8221;|||&#8221; global_colors_info=&#8221;{}&#8221; custom_padding__hover=&#8221;|||&#8221;][et_pb_text _builder_version=&#8221;4.27.6&#8243; text_font=&#8221;&#8211;et_global_body_font||||||||&#8221; text_font_size=&#8221;15px&#8221; text_line_height=&#8221;1.8em&#8221; header_font=&#8221;|700|||||||&#8221; header_text_color=&#8221;#000000&#8243; header_2_font=&#8221;|600|||||||&#8221; header_2_text_color=&#8221;#000000&#8243; background_color=&#8221;#FFFFFF&#8221; background_size=&#8221;initial&#8221; background_position=&#8221;top_left&#8221; background_repeat=&#8221;repeat&#8221; width=&#8221;80%&#8221; custom_padding=&#8221;57px|37px|18px|37px|false|true&#8221; hover_enabled=&#8221;0&#8243; box_shadow_style=&#8221;preset3&#8243; global_colors_info=&#8221;{}&#8221; sticky_enabled=&#8221;0&#8243; custom_margin=&#8221;||3px|||&#8221;]<\/p>\n<h1>Integritetspolicy \u2013 Grow Education Center<\/h1>\n<h5>Senast uppdaterad: 2026-04-12<\/h5>\n<p>[\/et_pb_text][et_pb_text _builder_version=&#8221;4.27.6&#8243; text_font=&#8221;&#8211;et_global_body_font||||||||&#8221; text_font_size=&#8221;15px&#8221; text_line_height=&#8221;1.8em&#8221; header_font=&#8221;|700|||||||&#8221; header_text_color=&#8221;#000000&#8243; header_2_font=&#8221;|600|||||||&#8221; header_2_text_color=&#8221;#000000&#8243; background_color=&#8221;#FFFFFF&#8221; background_size=&#8221;initial&#8221; background_position=&#8221;top_left&#8221; background_repeat=&#8221;repeat&#8221; width=&#8221;80%&#8221; custom_padding=&#8221;51px|37px|92px|62px|false|false&#8221; hover_enabled=&#8221;0&#8243; box_shadow_style=&#8221;preset3&#8243; global_colors_info=&#8221;{}&#8221; sticky_enabled=&#8221;0&#8243;]<\/p>\n<h2>1. Vem vi \u00e4r<\/h2>\n<p>Vi \u00e4r Grow Education Center och v\u00e5r webbplats \u00e4r: https:\/\/growec.se<\/p>\n<p>Adress: Fraktgatan 5\u20137, 254 64 Helsingborg<\/p>\n<p>E-post: boka@growec.se<\/p>\n<p>&nbsp;<\/p>\n<h2>2. Vilka uppgifter vi samlar in<\/h2>\n<p>N\u00e4r du anv\u00e4nder v\u00e5r webbplats, registrerar konto eller bokar lokal kan vi samla in:<\/p>\n<ul>\n<li>Namn<\/li>\n<li>E-postadress<\/li>\n<li>Telefonnummer<\/li>\n<li>F\u00f6retagsnamn (vid behov)<\/li>\n<li>Bokningsinformation<\/li>\n<li>IP-adress och teknisk data<\/li>\n<li>Inloggningsuppgifter (l\u00f6senord lagras krypterat)<\/li>\n<\/ul>\n<p>&nbsp;<\/p>\n<h2>3. Konto och bokningssystem<\/h2>\n<p>N\u00e4r du registrerar dig:<\/p>\n<ul>\n<li>Ett anv\u00e4ndarkonto skapas<\/li>\n<li>Du f\u00e5r s\u00e4tta ditt eget l\u00f6senord (s\u00e4kerhetskrav till\u00e4mpas)<\/li>\n<li>Bokningar kopplas till ditt konto<\/li>\n<\/ul>\n<p>Vi anv\u00e4nder denna information f\u00f6r att:<\/p>\n<ul>\n<li>Hantera bokningar<\/li>\n<li>Kommunicera med dig<\/li>\n<li>Leverera v\u00e5ra tj\u00e4nster<\/li>\n<\/ul>\n<p>&nbsp;<\/p>\n<h2>4. Kommentarer<\/h2>\n<p>N\u00e4r bes\u00f6kare l\u00e4mnar kommentarer samlar vi in:<\/p>\n<ul>\n<li>Uppgifter fr\u00e5n formul\u00e4ret<\/li>\n<li>IP-adress<\/li>\n<li>Webbl\u00e4sarinformation<\/li>\n<\/ul>\n<p>Detta anv\u00e4nds f\u00f6r spamdetektering.<\/p>\n<p>En anonymiserad hash av din e-postadress kan skickas till Gravatar:<br \/><a href=\"https:\/\/automattic.com\/privacy\/\">https:\/\/automattic.com\/privacy\/<\/a><\/p>\n<p>&nbsp;<\/p>\n<h2>5. Media<\/h2>\n<p>Om du laddar upp bilder till webbplatsen:<\/p>\n<ul>\n<li>Undvik att inkludera platsdata (EXIF GPS)<\/li>\n<li>Bes\u00f6kare kan extrahera s\u00e5dan data fr\u00e5n bilder<\/li>\n<\/ul>\n<p>&nbsp;<\/p>\n<h2>6. Cookies<\/h2>\n<p>Vi anv\u00e4nder cookies f\u00f6r funktionalitet och s\u00e4kerhet:<\/p>\n<ul>\n<li>Kommentarcookies (1 \u00e5r)<\/li>\n<li>Inloggningscookies (2 dagar \/ upp till 2 veckor vid \u201cKom ih\u00e5g mig\u201d)<\/li>\n<li>Sessionscookies<\/li>\n<li>Funktionella cookies<\/li>\n<\/ul>\n<p>Cookies anv\u00e4nds f\u00f6r att:<\/p>\n<ul>\n<li>H\u00e5lla dig inloggad<\/li>\n<li>F\u00f6rb\u00e4ttra anv\u00e4ndarupplevelsen<\/li>\n<li>S\u00e4kerst\u00e4lla korrekt funktion<\/li>\n<\/ul>\n<p>&nbsp;<\/p>\n<h2>7. Inb\u00e4ddat inneh\u00e5ll<\/h2>\n<p>Inneh\u00e5ll fr\u00e5n externa webbplatser (t.ex. video):<\/p>\n<ul>\n<li>Fungerar som om du bes\u00f6ker dessa webbplatser<\/li>\n<li>Kan samla data, anv\u00e4nda cookies och sp\u00e5ra interaktion<\/li>\n<\/ul>\n<p>&nbsp;<\/p>\n<h2>8. Delning av uppgifter<\/h2>\n<p>Vi delar inte dina uppgifter i on\u00f6dan.<\/p>\n<p>D\u00e4remot kan uppgifter behandlas av:<\/p>\n<ul>\n<li>Hosting- och driftleverant\u00f6r<\/li>\n<li>E-postsystem och kommunikationstj\u00e4nster<\/li>\n<li>S\u00e4kerhetssystem (intr\u00e5ngsskydd och loggning)<\/li>\n<li>Spamfilter och tekniska skydd<\/li>\n<\/ul>\n<p>Vid l\u00f6senords\u00e5terst\u00e4llning inkluderas IP-adress i e-post.<\/p>\n<p>&nbsp;<\/p>\n<h2>9. Tekniska system<\/h2>\n<p>F\u00f6r att leverera v\u00e5ra tj\u00e4nster anv\u00e4nder vi system f\u00f6r:<\/p>\n<ul>\n<li>Webbplatshantering och anv\u00e4ndarkonton<\/li>\n<li>Bokning och lagring av kunddata<\/li>\n<li>E-postutskick och kommunikation<\/li>\n<li>S\u00e4kerhet, loggning och skydd mot intr\u00e5ng<\/li>\n<\/ul>\n<p>Dessa system behandlar personuppgifter i enlighet med GDPR.<\/p>\n<p>&nbsp;<\/p>\n<h2>10. Hur l\u00e4nge vi sparar data<\/h2>\n<p>Kontouppgifter: s\u00e5 l\u00e4nge kontot \u00e4r aktivt<\/p>\n<p>Bokningsdata: enligt verksamhetsbehov<\/p>\n<p>Kommentarer: tills vidare<\/p>\n<p>Lagkrav (t.ex. bokf\u00f6ring): upp till 7 \u00e5r<\/p>\n<p>&nbsp;<\/p>\n<h2>11. S\u00e4kerhet<\/h2>\n<p>Vi anv\u00e4nder:<\/p>\n<ul>\n<li>Krypterad trafik (SSL\/HTTPS)<\/li>\n<li>Krypterade l\u00f6senord<\/li>\n<li>Skydd mot intr\u00e5ng och attacker<\/li>\n<li>Loggning av s\u00e4kerhetsh\u00e4ndelser<\/li>\n<\/ul>\n<p>&nbsp;<\/p>\n<h2>12. Dina r\u00e4ttigheter (GDPR)<\/h2>\n<ul><\/ul>\n<p>Du har r\u00e4tt att:<\/p>\n<ul>\n<li>Beg\u00e4ra tillg\u00e5ng till dina uppgifter<\/li>\n<li>R\u00e4tta felaktiga uppgifter<\/li>\n<li>Beg\u00e4ra radering<\/li>\n<li>Begr\u00e4nsa behandling<\/li>\n<li>Inv\u00e4nda mot behandling<\/li>\n<li>F\u00e5 ut dina uppgifter (dataportabilitet)<\/li>\n<\/ul>\n<p>Kontakta oss via boka@growec.se f\u00f6r att ut\u00f6va dina r\u00e4ttigheter.<\/p>\n<p>&nbsp;<\/p>\n<h2>13. Var data behandlas<\/h2>\n<p>Kommentarer kan kontrolleras via automatiserade spamfilter.<\/p>\n<p>Data behandlas inom EU eller hos leverant\u00f6rer som uppfyller GDPR-krav.<\/p>\n<p>&nbsp;<\/p>\n<h2>14. \u00c4ndringar<\/h2>\n<p>Vi kan uppdatera denna policy vid behov.<\/p>\n<p>Senaste version finns alltid p\u00e5 webbplatsen.<\/p>\n<p>[\/et_pb_text][\/et_pb_column][\/et_pb_row][\/et_pb_section]<\/p>\n","protected":false},"excerpt":{"rendered":"<p>Integritetspolicy \u2013 Grow Education Center Senast uppdaterad: 2026-04-121. Vem vi \u00e4r Vi \u00e4r Grow Education Center och v\u00e5r webbplats \u00e4r: https:\/\/growec.se Adress: Fraktgatan 5\u20137, 254 64 Helsingborg E-post: boka@growec.se &nbsp; 2. Vilka uppgifter vi samlar in N\u00e4r du anv\u00e4nder v\u00e5r webbplats, registrerar konto eller bokar lokal kan vi samla in: Namn E-postadress Telefonnummer F\u00f6retagsnamn (vid [&hellip;]<\/p>\n","protected":false},"author":4,"featured_media":0,"parent":0,"menu_order":0,"comment_status":"closed","ping_status":"open","template":"","meta":{"_et_pb_use_builder":"on","_et_pb_old_content":"<!-- wp:heading -->\r\n<h2>Who we are<\/h2>\r\n<!-- \/wp:heading --><!-- wp:paragraph -->\r\n<p>We are <b>Grow Education Service <\/b>and our website address is https:\/\/growec.se.<\/p>\r\n<!-- \/wp:paragraph --><!-- wp:heading -->\r\n<h2>Comments & Questions posting<\/h2>\r\n<!-- \/wp:heading --><!-- wp:paragraph -->\r\n<p>When visitors leave comments on the site we collect the data shown in the comments form, and also the visitor\u2019s IP address and browser user agent string to help spam detection.<\/p>\r\n<!-- \/wp:paragraph --><!-- wp:paragraph -->\r\n<p>An anonymized string created from your email address (also called a hash) may be provided to the Gravatar service to see if you are using it. The Gravatar service privacy policy is available here: https:\/\/automattic.com\/privacy\/. After approval of your comment, your profile picture is visible to the public in the context of your comment.<\/p>\r\n<!-- \/wp:paragraph --><!-- wp:heading -->\r\n<h2>Media<\/h2>\r\n<!-- \/wp:heading --><!-- wp:paragraph -->\r\n<p>If you upload images to the website, you should avoid uploading images with embedded location data (EXIF GPS) included. Visitors to the website can download and extract any location data from images on the website.<\/p>\r\n<!-- \/wp:paragraph --><!-- wp:heading -->\r\n<h2>Cookies<\/h2>\r\n<!-- \/wp:heading --><!-- wp:paragraph -->\r\n<p>If you leave a comment on our site you may opt-in to saving your name, email address and website in cookies. These are for your convenience so that you do not have to fill in your details again when you leave another comment. These cookies will last for one year.<\/p>\r\n<!-- \/wp:paragraph --><!-- wp:paragraph -->\r\n<p>If you visit our login page, we will set a temporary cookie to determine if your browser accepts cookies. <strong>This cookie contains no personal data<\/strong> and is discarded when you close your browser.<\/p>\r\n<!-- \/wp:paragraph --><!-- wp:paragraph -->\r\n<p>When you log in, we will also set up several cookies to save your login information and your screen display choices. Login cookies last for two days, and screen options cookies last for a year. If you select \"Remember Me\", your login will persist for two weeks. If you log out of your account, the login cookies will be removed.<\/p>\r\n<!-- \/wp:paragraph --><!-- wp:paragraph -->\r\n<p>If you edit or publish an article, an additional cookie will be saved in your browser. This cookie includes no personal data and simply indicates the post ID of the article you just edited. It expires after 1 day.<\/p>\r\n<!-- \/wp:paragraph --><!-- wp:heading -->\r\n<h2>Embedded content from other websites<\/h2>\r\n<!-- \/wp:heading --><!-- wp:paragraph -->\r\n<p>Articles on this site may include embedded content (e.g. videos, images, articles, etc.). Embedded content from other websites behaves in the exact same way as if the visitor has visited the other website.<\/p>\r\n<!-- \/wp:paragraph --><!-- wp:paragraph -->\r\n<p>These websites may collect data about you, use cookies, embed additional third-party tracking, and monitor your interaction with that embedded content, including tracking your interaction with the embedded content if you have an account and are logged in to that website.<\/p>\r\n<!-- \/wp:paragraph --><!-- wp:heading -->\r\n<h2>Who we share your data with<\/h2>\r\n<!-- \/wp:heading --><!-- wp:paragraph -->\r\n<p>If you request a password reset, your IP address will be included in the reset email. We do not share your data with ANYONE.<\/p>\r\n<!-- \/wp:paragraph --><!-- wp:heading -->\r\n<h2>How long we retain your data<\/h2>\r\n<!-- \/wp:heading --><!-- wp:paragraph -->\r\n<p>If you leave a comment, the comment and its metadata are retained indefinitely. This is so we can recognize and approve any follow-up comments automatically instead of holding them in a moderation queue.<\/p>\r\n<!-- \/wp:paragraph --><!-- wp:paragraph -->\r\n<p>For users that register on our website, we also store the personal information they provide in their user profile. All users can see, edit, or delete their personal information at any time (except they cannot change their username). Website administrators can also see and edit that information. Contact us for more info regarding this.<\/p>\r\n<!-- \/wp:paragraph --><!-- wp:heading -->\r\n<h2>What rights you have over your data<\/h2>\r\n<!-- \/wp:heading --><!-- wp:paragraph -->\r\n<p>If you have an account on this site, or have left comments, you can request to receive an exported file of the personal data we hold about you, including any data you have provided to us. You can also request that we erase any personal data we hold about you. This does not include any data we are obliged to keep for administrative, legal, or security purposes.<\/p>\r\n<!-- \/wp:paragraph --><!-- wp:heading -->\r\n<h2>Where we send your data<\/h2>\r\n<!-- \/wp:heading --><!-- wp:paragraph -->\r\n<p>Visitor comments may be checked through an automated spam detection service.<\/p>\r\n<!-- \/wp:paragraph -->","_et_gb_content_width":"","footnotes":""},"class_list":["post-3","page","type-page","status-publish","hentry"],"yoast_head":"<!-- This site is optimized with the Yoast SEO plugin v27.4 - https:\/\/yoast.com\/product\/yoast-seo-wordpress\/ -->\n<title>Integritetspolicy - growec.se<\/title>\n<meta name=\"description\" content=\"Integritetspolicy \u2013 Grow Education Center\" \/>\n<meta name=\"robots\" content=\"index, follow, max-snippet:-1, max-image-preview:large, max-video-preview:-1\" \/>\n<link rel=\"canonical\" href=\"https:\/\/growec.se\/da\/privacy-policy\/\" \/>\n<meta property=\"og:locale\" content=\"da_DK\" \/>\n<meta property=\"og:type\" content=\"article\" \/>\n<meta property=\"og:title\" content=\"Integritetspolicy - growec.se\" \/>\n<meta property=\"og:description\" content=\"Integritetspolicy \u2013 Grow Education Center\" \/>\n<meta property=\"og:url\" content=\"https:\/\/growec.se\/da\/privacy-policy\/\" \/>\n<meta property=\"og:site_name\" content=\"growec.se\" \/>\n<meta property=\"article:modified_time\" content=\"2026-04-12T19:38:58+00:00\" \/>\n<meta name=\"twitter:card\" content=\"summary_large_image\" \/>\n<meta name=\"twitter:label1\" content=\"Estimeret l\u00e6setid\" \/>\n\t<meta name=\"twitter:data1\" content=\"4 minutter\" \/>\n<script type=\"application\/ld+json\" class=\"yoast-schema-graph\">{\"@context\":\"https:\\\/\\\/schema.org\",\"@graph\":[{\"@type\":\"WebPage\",\"@id\":\"https:\\\/\\\/growec.se\\\/privacy-policy\\\/\",\"url\":\"https:\\\/\\\/growec.se\\\/privacy-policy\\\/\",\"name\":\"Integritetspolicy - growec.se\",\"isPartOf\":{\"@id\":\"https:\\\/\\\/growec.se\\\/#website\"},\"datePublished\":\"2021-11-23T12:47:01+00:00\",\"dateModified\":\"2026-04-12T19:38:58+00:00\",\"description\":\"Integritetspolicy \u2013 Grow Education Center\",\"breadcrumb\":{\"@id\":\"https:\\\/\\\/growec.se\\\/privacy-policy\\\/#breadcrumb\"},\"inLanguage\":\"da-DK\",\"potentialAction\":[{\"@type\":\"ReadAction\",\"target\":[\"https:\\\/\\\/growec.se\\\/privacy-policy\\\/\"]}]},{\"@type\":\"BreadcrumbList\",\"@id\":\"https:\\\/\\\/growec.se\\\/privacy-policy\\\/#breadcrumb\",\"itemListElement\":[{\"@type\":\"ListItem\",\"position\":1,\"name\":\"Hem\",\"item\":\"https:\\\/\\\/growec.se\\\/\"},{\"@type\":\"ListItem\",\"position\":2,\"name\":\"Integritetspolicy\"}]},{\"@type\":\"WebSite\",\"@id\":\"https:\\\/\\\/growec.se\\\/#website\",\"url\":\"https:\\\/\\\/growec.se\\\/\",\"name\":\"growec.se\",\"description\":\"Sj\u00e4lvledarskap\",\"publisher\":{\"@id\":\"https:\\\/\\\/growec.se\\\/#organization\"},\"potentialAction\":[{\"@type\":\"SearchAction\",\"target\":{\"@type\":\"EntryPoint\",\"urlTemplate\":\"https:\\\/\\\/growec.se\\\/?s={search_term_string}\"},\"query-input\":{\"@type\":\"PropertyValueSpecification\",\"valueRequired\":true,\"valueName\":\"search_term_string\"}}],\"inLanguage\":\"da-DK\"},{\"@type\":\"Organization\",\"@id\":\"https:\\\/\\\/growec.se\\\/#organization\",\"name\":\"Grow EC\",\"url\":\"https:\\\/\\\/growec.se\\\/\",\"logo\":{\"@type\":\"ImageObject\",\"inLanguage\":\"da-DK\",\"@id\":\"https:\\\/\\\/growec.se\\\/#\\\/schema\\\/logo\\\/image\\\/\",\"url\":\"https:\\\/\\\/growec.se\\\/wp-content\\\/uploads\\\/2022\\\/04\\\/grow-ec-final-webb-350x75-1.png\",\"contentUrl\":\"https:\\\/\\\/growec.se\\\/wp-content\\\/uploads\\\/2022\\\/04\\\/grow-ec-final-webb-350x75-1.png\",\"width\":350,\"height\":75,\"caption\":\"Grow EC\"},\"image\":{\"@id\":\"https:\\\/\\\/growec.se\\\/#\\\/schema\\\/logo\\\/image\\\/\"}}]}<\/script>\n<!-- \/ Yoast SEO plugin. -->","yoast_head_json":{"title":"Integritetspolicy - growec.se","description":"Integritetspolicy \u2013 Grow Education Center","robots":{"index":"index","follow":"follow","max-snippet":"max-snippet:-1","max-image-preview":"max-image-preview:large","max-video-preview":"max-video-preview:-1"},"canonical":"https:\/\/growec.se\/da\/privacy-policy\/","og_locale":"da_DK","og_type":"article","og_title":"Integritetspolicy - growec.se","og_description":"Integritetspolicy \u2013 Grow Education Center","og_url":"https:\/\/growec.se\/da\/privacy-policy\/","og_site_name":"growec.se","article_modified_time":"2026-04-12T19:38:58+00:00","twitter_card":"summary_large_image","twitter_misc":{"Estimeret l\u00e6setid":"4 minutter"},"schema":{"@context":"https:\/\/schema.org","@graph":[{"@type":"WebPage","@id":"https:\/\/growec.se\/privacy-policy\/","url":"https:\/\/growec.se\/privacy-policy\/","name":"Integritetspolicy - growec.se","isPartOf":{"@id":"https:\/\/growec.se\/#website"},"datePublished":"2021-11-23T12:47:01+00:00","dateModified":"2026-04-12T19:38:58+00:00","description":"Integritetspolicy \u2013 Grow Education Center","breadcrumb":{"@id":"https:\/\/growec.se\/privacy-policy\/#breadcrumb"},"inLanguage":"da-DK","potentialAction":[{"@type":"ReadAction","target":["https:\/\/growec.se\/privacy-policy\/"]}]},{"@type":"BreadcrumbList","@id":"https:\/\/growec.se\/privacy-policy\/#breadcrumb","itemListElement":[{"@type":"ListItem","position":1,"name":"Hem","item":"https:\/\/growec.se\/"},{"@type":"ListItem","position":2,"name":"Integritetspolicy"}]},{"@type":"WebSite","@id":"https:\/\/growec.se\/#website","url":"https:\/\/growec.se\/","name":"growec.se","description":"Sj\u00e4lvledarskap","publisher":{"@id":"https:\/\/growec.se\/#organization"},"potentialAction":[{"@type":"SearchAction","target":{"@type":"EntryPoint","urlTemplate":"https:\/\/growec.se\/?s={search_term_string}"},"query-input":{"@type":"PropertyValueSpecification","valueRequired":true,"valueName":"search_term_string"}}],"inLanguage":"da-DK"},{"@type":"Organization","@id":"https:\/\/growec.se\/#organization","name":"Grow EC","url":"https:\/\/growec.se\/","logo":{"@type":"ImageObject","inLanguage":"da-DK","@id":"https:\/\/growec.se\/#\/schema\/logo\/image\/","url":"https:\/\/growec.se\/wp-content\/uploads\/2022\/04\/grow-ec-final-webb-350x75-1.png","contentUrl":"https:\/\/growec.se\/wp-content\/uploads\/2022\/04\/grow-ec-final-webb-350x75-1.png","width":350,"height":75,"caption":"Grow EC"},"image":{"@id":"https:\/\/growec.se\/#\/schema\/logo\/image\/"}}]}},"_links":{"self":[{"href":"https:\/\/growec.se\/da\/wp-json\/wp\/v2\/pages\/3","targetHints":{"allow":["GET"]}}],"collection":[{"href":"https:\/\/growec.se\/da\/wp-json\/wp\/v2\/pages"}],"about":[{"href":"https:\/\/growec.se\/da\/wp-json\/wp\/v2\/types\/page"}],"author":[{"embeddable":true,"href":"https:\/\/growec.se\/da\/wp-json\/wp\/v2\/users\/4"}],"replies":[{"embeddable":true,"href":"https:\/\/growec.se\/da\/wp-json\/wp\/v2\/comments?post=3"}],"version-history":[{"count":17,"href":"https:\/\/growec.se\/da\/wp-json\/wp\/v2\/pages\/3\/revisions"}],"predecessor-version":[{"id":235970,"href":"https:\/\/growec.se\/da\/wp-json\/wp\/v2\/pages\/3\/revisions\/235970"}],"wp:attachment":[{"href":"https:\/\/growec.se\/da\/wp-json\/wp\/v2\/media?parent=3"}],"curies":[{"name":"wp","href":"https:\/\/api.w.org\/{rel}","templated":true}]}}